{"id":2879,"date":"2023-10-17T13:46:10","date_gmt":"2023-10-17T16:46:10","guid":{"rendered":"https:\/\/www.pete.com.br\/site\/?page_id=2879"},"modified":"2023-10-17T13:46:10","modified_gmt":"2023-10-17T16:46:10","slug":"politica-de-privacidade","status":"publish","type":"page","link":"https:\/\/www.pete.com.br\/site\/politica-de-privacidade\/","title":{"rendered":"Pol\u00edtica de Privacidade"},"content":{"rendered":"\n<p><strong>Do que se trata esta Pol\u00edtica?<\/strong><\/p>\n\n\n\n<p>Bem-vindo \u00e0 nossa Pol\u00edtica de Privacidade! \u00c9 \u00f3timo que voc\u00ea queira saber mais sobre como mantemos suas informa\u00e7\u00f5es seguras. Esta pol\u00edtica lhe dar\u00e1 informa\u00e7\u00f5es sobre como cuidamos dos seus dados pessoais quando voc\u00ea visita, utiliza nossos servi\u00e7os ou nossos aplicativos (apps). A Pol\u00edtica de Privacidade tamb\u00e9m informa sobre seus direitos de privacidade e como a lei protege voc\u00ea. Por fim, esta Pol\u00edtica de Privacidade abrange nossas atividades de coleta de dados online e offline, incluindo dados pessoais que podemos coletar atrav\u00e9s de nossos diversos canais, como sites, aplicativos, redes sociais de terceiros, lojas de varejo, pontos de vendas e eventos.<\/p>\n\n\n\n<p>Se procura mais informa\u00e7\u00f5es sobre como recolhemos, armazenamos, utilizamos e partilhamos os seus dados pessoais, este \u00e9 o lugar para tal!<\/p>\n\n\n\n<p><strong>Quem \u00e9 respons\u00e1vel pelos seus dados pessoais?<\/strong><\/p>\n\n\n\n<p>Esta Pol\u00edtica de Privacidade \u00e9 emitida em nome de PETE Com\u00e9rcio de Materiais Did\u00e1ticos e Pedag\u00f3gicos Ltda, onde a PETE \u00e9 a controladora de dados (a respons\u00e1vel &nbsp;pelos dados). Para efeitos desta Pol\u00edtica de Privacidade, quando utilizamos \u201cn\u00f3s\u201d, \u201cnos\u201d ou \u201cnosso\u201d nesta Pol\u00edtica, estamos a falar da PETE.<\/p>\n\n\n\n<p>Nomeamos um respons\u00e1vel pela prote\u00e7\u00e3o de dados e por supervisionar quest\u00f5es relacionadas com esta Pol\u00edtica de Privacidade. Se voc\u00ea tiver alguma d\u00favida sobre esta Pol\u00edtica, entre em contato conosco atrav\u00e9s do e-mail info@pete.com.br.<\/p>\n\n\n\n<p><strong>Seus direitos de privacidade<\/strong><\/p>\n\n\n\n<p>Como titular dos dados, voc\u00ea tem os seguintes direitos em rela\u00e7\u00e3o aos dados pessoais que mantemos sobre voc\u00ea:<\/p>\n\n\n\n<p>Solicite acesso aos seus dados pessoais. Voc\u00ea tem o direito de acessar os dados pessoais que mantemos sobre voc\u00ea. Em muitos casos, esta informa\u00e7\u00e3o j\u00e1 est\u00e1 presente nos nossos servi\u00e7os online. O seu direito de acesso pode, no entanto, ser restringido pela legisla\u00e7\u00e3o, pela prote\u00e7\u00e3o da privacidade de outras pessoas e pela considera\u00e7\u00e3o das nossas pr\u00e1ticas comerciais, know-how, segredos comerciais e avalia\u00e7\u00f5es internas.<\/p>\n\n\n\n<p>Solicite corre\u00e7\u00e3o de dados incorretos ou incompletos. Se os dados que temos sobre si estiverem incorretos ou incompletos, tem direito \u00e0 corre\u00e7\u00e3o dos dados, com as restri\u00e7\u00f5es que decorrem da legisla\u00e7\u00e3o.<\/p>\n\n\n\n<p>Solicitar o apagamento. Voc\u00ea tem o direito de solicitar o apagamento dos seus dados quando:<\/p>\n\n\n\n<ul class=\"wp-block-list\">\n<li>os dados pessoais j\u00e1 n\u00e3o s\u00e3o necess\u00e1rios em rela\u00e7\u00e3o \u00e0s finalidades para as quais foram recolhidos ou de outra forma tratados;<\/li>\n<\/ul>\n\n\n\n<ul class=\"wp-block-list\">\n<li>voc\u00ea retira seu consentimento para o processamento e n\u00e3o h\u00e1 outro motivo leg\u00edtimo para o processamento;<\/li>\n<\/ul>\n\n\n\n<ul class=\"wp-block-list\">\n<li>voc\u00ea se op\u00f5e ao processamento e n\u00e3o h\u00e1 raz\u00e3o justificada para continuar o processamento; ou<\/li>\n<\/ul>\n\n\n\n<ul class=\"wp-block-list\">\n<li>o processamento \u00e9 ilegal.<\/li>\n<\/ul>\n\n\n\n<p>Tenha em aten\u00e7\u00e3o que, em determinadas circunst\u00e2ncias, poderemos ser obrigados a reter alguns dos seus dados pessoais ap\u00f3s ter solicitado a elimina\u00e7\u00e3o para cumprir as nossas obriga\u00e7\u00f5es legais ou contratuais. Tamb\u00e9m podemos ser autorizados pelas leis aplic\u00e1veis a reter alguns dos seus dados pessoais para satisfazer as nossas necessidades comerciais.<\/p>\n\n\n\n<p>Limita\u00e7\u00e3o do tratamento de dados pessoais. Se contestar a exatid\u00e3o dos dados que registamos sobre si ou a legalidade do tratamento, ou se se opuser ao tratamento dos dados de acordo com o seu direito de oposi\u00e7\u00e3o, poder\u00e1 solicitar-nos a restri\u00e7\u00e3o do tratamento destes dados. O processamento ser\u00e1 restrito apenas ao armazenamento, at\u00e9 que a exatid\u00e3o dos dados possa ser estabelecida, ou possa ser verificado se os nossos interesses leg\u00edtimos se sobrep\u00f5em aos seus interesses. Mesmo quando o processamento dos seus dados tiver sido restringido conforme descrito acima, a PETE poder\u00e1 processar os seus dados de outras formas, se tal for necess\u00e1rio para fazer valer uma reclama\u00e7\u00e3o legal ou para processar dados anteriormente recolhidos, se tiver dado o seu consentimento anteriormente.<\/p>\n\n\n\n<p>Opor-se ao processamento com base no nosso interesse leg\u00edtimo. Poder\u00e1 sempre opor-se ao tratamento dos seus dados pessoais que se baseie em interesses leg\u00edtimos. Se processarmos os seus dados para marketing direto e cria\u00e7\u00e3o de perfis relacionados com esse marketing, a sua obje\u00e7\u00e3o ser\u00e1 sempre sustentada. Para obje\u00e7\u00f5es ao processamento para outros fins, realizaremos um teste de equil\u00edbrio de interesses leg\u00edtimos e consideraremos se apoiamos a sua obje\u00e7\u00e3o.<\/p>\n","protected":false},"excerpt":{"rendered":"<p>Do que se trata esta Pol\u00edtica? Bem-vindo \u00e0 nossa Pol\u00edtica de Privacidade! \u00c9 \u00f3timo que voc\u00ea queira saber mais sobre como mantemos suas informa\u00e7\u00f5es seguras. Esta pol\u00edtica lhe dar\u00e1 informa\u00e7\u00f5es sobre como cuidamos dos seus dados pessoais quando voc\u00ea visita, utiliza nossos servi\u00e7os ou nossos aplicativos (apps). A Pol\u00edtica de Privacidade tamb\u00e9m informa sobre seus [&hellip;]<\/p>\n","protected":false},"author":1,"featured_media":0,"parent":0,"menu_order":0,"comment_status":"closed","ping_status":"closed","template":"","meta":{"site-sidebar-layout":"default","site-content-layout":"","ast-site-content-layout":"default","site-content-style":"default","site-sidebar-style":"default","ast-global-header-display":"","ast-banner-title-visibility":"","ast-main-header-display":"","ast-hfb-above-header-display":"","ast-hfb-below-header-display":"","ast-hfb-mobile-header-display":"","site-post-title":"","ast-breadcrumbs-content":"","ast-featured-img":"","footer-sml-layout":"","ast-disable-related-posts":"","theme-transparent-header-meta":"","adv-header-id-meta":"","stick-header-meta":"","header-above-stick-meta":"","header-main-stick-meta":"","header-below-stick-meta":"","astra-migrate-meta-layouts":"default","ast-page-background-enabled":"default","ast-page-background-meta":{"desktop":{"background-color":"","background-image":"","background-repeat":"repeat","background-position":"center center","background-size":"auto","background-attachment":"scroll","background-type":"","background-media":"","overlay-type":"","overlay-color":"","overlay-opacity":"","overlay-gradient":""},"tablet":{"background-color":"","background-image":"","background-repeat":"repeat","background-position":"center center","background-size":"auto","background-attachment":"scroll","background-type":"","background-media":"","overlay-type":"","overlay-color":"","overlay-opacity":"","overlay-gradient":""},"mobile":{"background-color":"","background-image":"","background-repeat":"repeat","background-position":"center center","background-size":"auto","background-attachment":"scroll","background-type":"","background-media":"","overlay-type":"","overlay-color":"","overlay-opacity":"","overlay-gradient":""}},"ast-content-background-meta":{"desktop":{"background-color":"var(--ast-global-color-5)","background-image":"","background-repeat":"repeat","background-position":"center center","background-size":"auto","background-attachment":"scroll","background-type":"","background-media":"","overlay-type":"","overlay-color":"","overlay-opacity":"","overlay-gradient":""},"tablet":{"background-color":"var(--ast-global-color-5)","background-image":"","background-repeat":"repeat","background-position":"center center","background-size":"auto","background-attachment":"scroll","background-type":"","background-media":"","overlay-type":"","overlay-color":"","overlay-opacity":"","overlay-gradient":""},"mobile":{"background-color":"var(--ast-global-color-5)","background-image":"","background-repeat":"repeat","background-position":"center center","background-size":"auto","background-attachment":"scroll","background-type":"","background-media":"","overlay-type":"","overlay-color":"","overlay-opacity":"","overlay-gradient":""}},"footnotes":""},"class_list":["post-2879","page","type-page","status-publish","hentry"],"_links":{"self":[{"href":"https:\/\/www.pete.com.br\/site\/wp-json\/wp\/v2\/pages\/2879","targetHints":{"allow":["GET"]}}],"collection":[{"href":"https:\/\/www.pete.com.br\/site\/wp-json\/wp\/v2\/pages"}],"about":[{"href":"https:\/\/www.pete.com.br\/site\/wp-json\/wp\/v2\/types\/page"}],"author":[{"embeddable":true,"href":"https:\/\/www.pete.com.br\/site\/wp-json\/wp\/v2\/users\/1"}],"replies":[{"embeddable":true,"href":"https:\/\/www.pete.com.br\/site\/wp-json\/wp\/v2\/comments?post=2879"}],"version-history":[{"count":1,"href":"https:\/\/www.pete.com.br\/site\/wp-json\/wp\/v2\/pages\/2879\/revisions"}],"predecessor-version":[{"id":2880,"href":"https:\/\/www.pete.com.br\/site\/wp-json\/wp\/v2\/pages\/2879\/revisions\/2880"}],"wp:attachment":[{"href":"https:\/\/www.pete.com.br\/site\/wp-json\/wp\/v2\/media?parent=2879"}],"curies":[{"name":"wp","href":"https:\/\/api.w.org\/{rel}","templated":true}]}}