{"id":2749,"date":"2023-03-09T20:22:16","date_gmt":"2023-03-09T23:22:16","guid":{"rendered":"https:\/\/www.pete.com.br\/site\/?page_id=2749"},"modified":"2023-04-17T10:24:19","modified_gmt":"2023-04-17T13:24:19","slug":"quer-ser-uma-revenda-pete","status":"publish","type":"page","link":"https:\/\/www.pete.com.br\/site\/quer-ser-uma-revenda-pete\/","title":{"rendered":"Quer ser uma revenda PETE?"},"content":{"rendered":"\t\t<div data-elementor-type=\"wp-page\" data-elementor-id=\"2749\" class=\"elementor elementor-2749\">\n\t\t\t\t\t\t<section class=\"elementor-section elementor-top-section elementor-element elementor-element-5fa293a elementor-section-boxed elementor-section-height-default elementor-section-height-default\" data-id=\"5fa293a\" data-element_type=\"section\" data-e-type=\"section\" data-settings=\"{&quot;background_background&quot;:&quot;classic&quot;}\">\n\t\t\t\t\t\t<div class=\"elementor-container elementor-column-gap-no\">\n\t\t\t\t\t<div class=\"elementor-column elementor-col-100 elementor-top-column elementor-element elementor-element-0e79fe9\" data-id=\"0e79fe9\" data-element_type=\"column\" data-e-type=\"column\" data-settings=\"{&quot;background_background&quot;:&quot;classic&quot;}\">\n\t\t\t<div class=\"elementor-widget-wrap elementor-element-populated\">\n\t\t\t\t\t\t<section class=\"elementor-section elementor-inner-section elementor-element elementor-element-0b253e2 elementor-section-boxed elementor-section-height-default elementor-section-height-default\" data-id=\"0b253e2\" data-element_type=\"section\" data-e-type=\"section\" data-settings=\"{&quot;background_background&quot;:&quot;classic&quot;}\">\n\t\t\t\t\t\t<div class=\"elementor-container elementor-column-gap-no\">\n\t\t\t\t\t<div class=\"elementor-column elementor-col-50 elementor-inner-column elementor-element elementor-element-0a25e62\" data-id=\"0a25e62\" data-element_type=\"column\" data-e-type=\"column\">\n\t\t\t<div class=\"elementor-widget-wrap elementor-element-populated\">\n\t\t\t\t\t\t<div class=\"elementor-element elementor-element-21d3aee elementor-widget elementor-widget-heading\" data-id=\"21d3aee\" data-element_type=\"widget\" data-e-type=\"widget\" data-widget_type=\"heading.default\">\n\t\t\t\t<div class=\"elementor-widget-container\">\n\t\t\t\t\t<h1 class=\"elementor-heading-title elementor-size-default\">Quer ser uma revenda PETE?<\/h1>\t\t\t\t<\/div>\n\t\t\t\t<\/div>\n\t\t\t\t<div class=\"elementor-element elementor-element-7e3ca4a elementor-widget elementor-widget-text-editor\" data-id=\"7e3ca4a\" data-element_type=\"widget\" data-e-type=\"widget\" data-widget_type=\"text-editor.default\">\n\t\t\t\t<div class=\"elementor-widget-container\">\n\t\t\t\t\t\t\t\t\t<p>Tem interesse em revender nossos produtos e servi\u00e7os? Entre em contato conosco atrav\u00e9s do formul\u00e1rio ao lado!<\/p>\t\t\t\t\t\t\t\t<\/div>\n\t\t\t\t<\/div>\n\t\t\t\t<div class=\"elementor-element elementor-element-5204557 elementor-widget elementor-widget-image\" data-id=\"5204557\" data-element_type=\"widget\" data-e-type=\"widget\" data-widget_type=\"image.default\">\n\t\t\t\t<div class=\"elementor-widget-container\">\n\t\t\t\t\t\t\t\t\t\t\t\t\t\t\t<img fetchpriority=\"high\" decoding=\"async\" width=\"768\" height=\"512\" src=\"https:\/\/www.pete.com.br\/site\/wp-content\/uploads\/2021\/05\/75-768x512.jpg\" class=\"attachment-medium_large size-medium_large wp-image-860\" alt=\"\" srcset=\"https:\/\/www.pete.com.br\/site\/wp-content\/uploads\/2021\/05\/75-768x512.jpg 768w, https:\/\/www.pete.com.br\/site\/wp-content\/uploads\/2021\/05\/75-300x200.jpg 300w, https:\/\/www.pete.com.br\/site\/wp-content\/uploads\/2021\/05\/75.jpg 800w\" sizes=\"(max-width: 768px) 100vw, 768px\" \/>\t\t\t\t\t\t\t\t\t\t\t\t\t\t\t<\/div>\n\t\t\t\t<\/div>\n\t\t\t\t<div class=\"elementor-element elementor-element-718322d elementor-widget-divider--view-line elementor-widget elementor-widget-divider\" data-id=\"718322d\" data-element_type=\"widget\" data-e-type=\"widget\" data-widget_type=\"divider.default\">\n\t\t\t\t<div class=\"elementor-widget-container\">\n\t\t\t\t\t\t\t<div class=\"elementor-divider\">\n\t\t\t<span class=\"elementor-divider-separator\">\n\t\t\t\t\t\t<\/span>\n\t\t<\/div>\n\t\t\t\t\t\t<\/div>\n\t\t\t\t<\/div>\n\t\t\t\t<div class=\"elementor-element elementor-element-43010d6 elementor-widget elementor-widget-image\" data-id=\"43010d6\" data-element_type=\"widget\" data-e-type=\"widget\" data-widget_type=\"image.default\">\n\t\t\t\t<div class=\"elementor-widget-container\">\n\t\t\t\t\t\t\t\t\t\t\t\t\t\t\t<img decoding=\"async\" width=\"300\" height=\"156\" src=\"https:\/\/www.pete.com.br\/site\/wp-content\/uploads\/2023\/03\/logo_pete2-300x156.png\" class=\"attachment-medium size-medium wp-image-2796\" alt=\"\" srcset=\"https:\/\/www.pete.com.br\/site\/wp-content\/uploads\/2023\/03\/logo_pete2-300x156.png 300w, https:\/\/www.pete.com.br\/site\/wp-content\/uploads\/2023\/03\/logo_pete2-1024x532.png 1024w, https:\/\/www.pete.com.br\/site\/wp-content\/uploads\/2023\/03\/logo_pete2-768x399.png 768w, https:\/\/www.pete.com.br\/site\/wp-content\/uploads\/2023\/03\/logo_pete2-1536x798.png 1536w, https:\/\/www.pete.com.br\/site\/wp-content\/uploads\/2023\/03\/logo_pete2-2048x1064.png 2048w\" sizes=\"(max-width: 300px) 100vw, 300px\" \/>\t\t\t\t\t\t\t\t\t\t\t\t\t\t\t<\/div>\n\t\t\t\t<\/div>\n\t\t\t\t\t<\/div>\n\t\t<\/div>\n\t\t\t\t<div class=\"elementor-column elementor-col-50 elementor-inner-column elementor-element elementor-element-4186908\" data-id=\"4186908\" data-element_type=\"column\" data-e-type=\"column\" data-settings=\"{&quot;background_background&quot;:&quot;classic&quot;}\">\n\t\t\t<div class=\"elementor-widget-wrap elementor-element-populated\">\n\t\t\t\t\t\t<div class=\"elementor-element elementor-element-61df710 elementor-widget elementor-widget-shortcode\" data-id=\"61df710\" data-element_type=\"widget\" data-e-type=\"widget\" data-widget_type=\"shortcode.default\">\n\t\t\t\t<div class=\"elementor-widget-container\">\n\t\t\t\t\t\t\t<div class=\"elementor-shortcode\"><div class=\"wpforms-container \" id=\"wpforms-2739\"><form id=\"wpforms-form-2739\" class=\"wpforms-validate wpforms-form\" data-formid=\"2739\" method=\"post\" enctype=\"multipart\/form-data\" action=\"\/site\/wp-json\/wp\/v2\/pages\/2749\" data-token=\"aa70fdfac245f81e83181fc39ebc2724\" data-token-time=\"1777616191\"><noscript class=\"wpforms-error-noscript\">Ative o JavaScript no seu navegador para preencher este formul\u00e1rio.<\/noscript><div class=\"wpforms-field-container\"><div id=\"wpforms-2739-field_0-container\" class=\"wpforms-field wpforms-field-name\" data-field-id=\"0\"><label class=\"wpforms-field-label\" for=\"wpforms-2739-field_0\">Nome Completo <span class=\"wpforms-required-label\">*<\/span><\/label><input type=\"text\" id=\"wpforms-2739-field_0\" class=\"wpforms-field-large wpforms-field-required\" name=\"wpforms[fields][0]\" required><\/div><div id=\"wpforms-2739-field_13-container\" class=\"wpforms-field wpforms-field-text\" data-field-id=\"13\"><label class=\"wpforms-field-label\" for=\"wpforms-2739-field_13\">Empresa <span class=\"wpforms-required-label\">*<\/span><\/label><input type=\"text\" id=\"wpforms-2739-field_13\" class=\"wpforms-field-large wpforms-field-required\" name=\"wpforms[fields][13]\" required><\/div><div id=\"wpforms-2739-field_14-container\" class=\"wpforms-field wpforms-field-text\" data-field-id=\"14\"><label class=\"wpforms-field-label\" for=\"wpforms-2739-field_14\">CNPJ <span class=\"wpforms-required-label\">*<\/span><\/label><input type=\"text\" id=\"wpforms-2739-field_14\" class=\"wpforms-field-large wpforms-field-required wpforms-masked-input\" data-rule-inputmask-incomplete=\"1\" data-inputmask-mask=\"99.999.999\/9999-99\" name=\"wpforms[fields][14]\" required><\/div><div id=\"wpforms-2739-field_1-container\" class=\"wpforms-field wpforms-field-email\" data-field-id=\"1\"><label class=\"wpforms-field-label\" for=\"wpforms-2739-field_1\">Email <span class=\"wpforms-required-label\">*<\/span><\/label><input type=\"email\" id=\"wpforms-2739-field_1\" class=\"wpforms-field-large wpforms-field-required\" name=\"wpforms[fields][1]\" spellcheck=\"false\" required><\/div><div id=\"wpforms-2739-field_17-container\" class=\"wpforms-field wpforms-field-text\" data-field-id=\"17\"><label class=\"wpforms-field-label\" for=\"wpforms-2739-field_17\">Site <span class=\"wpforms-required-label\">*<\/span><\/label><input type=\"text\" id=\"wpforms-2739-field_17\" class=\"wpforms-field-large wpforms-field-required\" name=\"wpforms[fields][17]\" required><\/div><div id=\"wpforms-2739-field_20-container\" class=\"wpforms-field wpforms-field-text\" data-field-id=\"20\"><label class=\"wpforms-field-label\" for=\"wpforms-2739-field_20\">Telefone Fixo <span class=\"wpforms-required-label\">*<\/span><\/label><input type=\"text\" id=\"wpforms-2739-field_20\" class=\"wpforms-field-medium wpforms-field-required wpforms-masked-input\" data-rule-inputmask-incomplete=\"1\" data-inputmask-mask=\"(99) 9999.9999\" name=\"wpforms[fields][20]\" required><\/div><div id=\"wpforms-2739-field_21-container\" class=\"wpforms-field wpforms-field-text\" data-field-id=\"21\"><label class=\"wpforms-field-label\" for=\"wpforms-2739-field_21\">Celular <span class=\"wpforms-required-label\">*<\/span><\/label><input type=\"text\" id=\"wpforms-2739-field_21\" class=\"wpforms-field-medium wpforms-field-required wpforms-masked-input\" data-rule-inputmask-incomplete=\"1\" data-inputmask-mask=\"(99) 99999.9999\" name=\"wpforms[fields][21]\" required><\/div><div id=\"wpforms-2739-field_22-container\" class=\"wpforms-field wpforms-field-text\" data-field-id=\"22\"><label class=\"wpforms-field-label\" for=\"wpforms-2739-field_22\">Endere\u00e7o Comercial <span class=\"wpforms-required-label\">*<\/span><\/label><input type=\"text\" id=\"wpforms-2739-field_22\" class=\"wpforms-field-large wpforms-field-required\" name=\"wpforms[fields][22]\" required><\/div><div id=\"wpforms-2739-field_23-container\" class=\"wpforms-field wpforms-field-text\" data-field-id=\"23\"><label class=\"wpforms-field-label\" for=\"wpforms-2739-field_23\">Bairro <span class=\"wpforms-required-label\">*<\/span><\/label><input type=\"text\" id=\"wpforms-2739-field_23\" class=\"wpforms-field-medium wpforms-field-required\" name=\"wpforms[fields][23]\" required><\/div><div id=\"wpforms-2739-field_24-container\" class=\"wpforms-field wpforms-field-text\" data-field-id=\"24\"><label class=\"wpforms-field-label\" for=\"wpforms-2739-field_24\">CEP <span class=\"wpforms-required-label\">*<\/span><\/label><input type=\"text\" id=\"wpforms-2739-field_24\" class=\"wpforms-field-medium wpforms-field-required wpforms-masked-input\" data-rule-inputmask-incomplete=\"1\" data-inputmask-mask=\"99.999-999\" name=\"wpforms[fields][24]\" required><\/div><div id=\"wpforms-2739-field_11-container\" class=\"wpforms-field wpforms-field-select wpforms-field-select-style-modern\" data-field-id=\"11\"><label class=\"wpforms-field-label\" for=\"wpforms-2739-field_11\">Estado <span class=\"wpforms-required-label\">*<\/span><\/label><select id=\"wpforms-2739-field_11\" class=\"wpforms-field-small wpforms-field-required choicesjs-select\" data-size-class=\"wpforms-field-row wpforms-field-small\" data-search-enabled=\"1\" name=\"wpforms[fields][11]\" required=\"required\"><option value=\"\" class=\"placeholder\" disabled  selected='selected'><\/option><option value=\"AC\"  class=\"choice-4 depth-1\"  >AC<\/option><option value=\"AL\"  class=\"choice-5 depth-1\"  >AL<\/option><option value=\"AP\"  class=\"choice-6 depth-1\"  >AP<\/option><option value=\"AM\"  class=\"choice-7 depth-1\"  >AM<\/option><option value=\"BA\"  class=\"choice-8 depth-1\"  >BA<\/option><option value=\"CE\"  class=\"choice-9 depth-1\"  >CE<\/option><option value=\"DF\"  class=\"choice-10 depth-1\"  >DF<\/option><option value=\"ES\"  class=\"choice-11 depth-1\"  >ES<\/option><option value=\"GO\"  class=\"choice-12 depth-1\"  >GO<\/option><option value=\"MA\"  class=\"choice-13 depth-1\"  >MA<\/option><option value=\"MT\"  class=\"choice-14 depth-1\"  >MT<\/option><option value=\"MS\"  class=\"choice-15 depth-1\"  >MS<\/option><option value=\"MG\"  class=\"choice-16 depth-1\"  >MG<\/option><option value=\"PA\"  class=\"choice-17 depth-1\"  >PA<\/option><option value=\"PB\"  class=\"choice-18 depth-1\"  >PB<\/option><option value=\"PR\"  class=\"choice-19 depth-1\"  >PR<\/option><option value=\"PE\"  class=\"choice-20 depth-1\"  >PE<\/option><option value=\"PI\"  class=\"choice-21 depth-1\"  >PI<\/option><option value=\"RJ\"  class=\"choice-22 depth-1\"  >RJ<\/option><option value=\"RN\"  class=\"choice-23 depth-1\"  >RN<\/option><option value=\"RS\"  class=\"choice-24 depth-1\"  >RS<\/option><option value=\"RO\"  class=\"choice-25 depth-1\"  >RO<\/option><option value=\"RR\"  class=\"choice-26 depth-1\"  >RR<\/option><option value=\"SC\"  class=\"choice-27 depth-1\"  >SC<\/option><option value=\"SP\"  class=\"choice-28 depth-1\"  >SP<\/option><option value=\"SE\"  class=\"choice-29 depth-1\"  >SE<\/option><option value=\"TO\"  class=\"choice-30 depth-1\"  >TO<\/option><\/select><\/div><div id=\"wpforms-2739-field_12-container\" class=\"wpforms-field wpforms-field-text\" data-field-id=\"12\"><label class=\"wpforms-field-label\" for=\"wpforms-2739-field_12\">Cidade <span class=\"wpforms-required-label\">*<\/span><\/label><input type=\"text\" id=\"wpforms-2739-field_12\" class=\"wpforms-field-medium wpforms-field-required\" name=\"wpforms[fields][12]\" required><\/div><div id=\"wpforms-2739-field_2-container\" class=\"wpforms-field wpforms-field-textarea\" data-field-id=\"2\"><label class=\"wpforms-field-label\" for=\"wpforms-2739-field_2\">Messagem <span class=\"wpforms-required-label\">*<\/span><\/label><textarea id=\"wpforms-2739-field_2\" class=\"wpforms-field-medium wpforms-field-required\" name=\"wpforms[fields][2]\" required><\/textarea><\/div><\/div><!-- .wpforms-field-container --><div class=\"wpforms-recaptcha-container wpforms-is-recaptcha wpforms-is-recaptcha-type-invisible\" ><div class=\"g-recaptcha\" data-sitekey=\"6LfRmgYbAAAAAHr6i8B0C4pMVUCQyVlgxvu3AoIf\" data-size=\"invisible\"><\/div><\/div><div class=\"wpforms-submit-container\" ><input type=\"hidden\" name=\"wpforms[id]\" value=\"2739\"><input type=\"hidden\" name=\"page_title\" value=\"\"><input type=\"hidden\" name=\"page_url\" value=\"https:\/\/www.pete.com.br\/site\/wp-json\/wp\/v2\/pages\/2749\"><input type=\"hidden\" name=\"url_referer\" value=\"\"><button type=\"submit\" name=\"wpforms[submit]\" id=\"wpforms-submit-2739\" class=\"wpforms-submit\" data-alt-text=\"ENVIANDO...\" data-submit-text=\"ENVIAR\" aria-live=\"assertive\" value=\"wpforms-submit\">ENVIAR<\/button><\/div><\/form><\/div>  <!-- .wpforms-container -->\t<\/div>\n\t\t\t\t\t\t<\/div>\n\t\t\t\t<\/div>\n\t\t\t\t\t<\/div>\n\t\t<\/div>\n\t\t\t\t\t<\/div>\n\t\t<\/section>\n\t\t\t\t\t<\/div>\n\t\t<\/div>\n\t\t\t\t\t<\/div>\n\t\t<\/section>\n\t\t\t\t<section class=\"elementor-section elementor-top-section elementor-element elementor-element-d8bddfb elementor-section-full_width elementor-section-height-default elementor-section-height-default\" data-id=\"d8bddfb\" data-element_type=\"section\" data-e-type=\"section\">\n\t\t\t\t\t\t<div class=\"elementor-container elementor-column-gap-no\">\n\t\t\t\t\t<div class=\"elementor-column elementor-col-100 elementor-top-column elementor-element elementor-element-fe81dba\" data-id=\"fe81dba\" data-element_type=\"column\" data-e-type=\"column\">\n\t\t\t<div class=\"elementor-widget-wrap\">\n\t\t\t\t\t\t\t<\/div>\n\t\t<\/div>\n\t\t\t\t\t<\/div>\n\t\t<\/section>\n\t\t\t\t<\/div>\n\t\t","protected":false},"excerpt":{"rendered":"<p>Quer ser uma revenda PETE? Tem interesse em revender nossos produtos e servi\u00e7os? Entre em contato conosco atrav\u00e9s do formul\u00e1rio ao lado!<\/p>\n","protected":false},"author":1,"featured_media":0,"parent":0,"menu_order":0,"comment_status":"closed","ping_status":"closed","template":"","meta":{"site-sidebar-layout":"no-sidebar","site-content-layout":"page-builder","ast-site-content-layout":"default","site-content-style":"default","site-sidebar-style":"default","ast-global-header-display":"","ast-banner-title-visibility":"","ast-main-header-display":"","ast-hfb-above-header-display":"","ast-hfb-below-header-display":"","ast-hfb-mobile-header-display":"","site-post-title":"disabled","ast-breadcrumbs-content":"","ast-featured-img":"disabled","footer-sml-layout":"","ast-disable-related-posts":"","theme-transparent-header-meta":"enabled","adv-header-id-meta":"","stick-header-meta":"","header-above-stick-meta":"","header-main-stick-meta":"","header-below-stick-meta":"","astra-migrate-meta-layouts":"default","ast-page-background-enabled":"default","ast-page-background-meta":{"desktop":{"background-color":"","background-image":"","background-repeat":"repeat","background-position":"center center","background-size":"auto","background-attachment":"scroll","background-type":"","background-media":"","overlay-type":"","overlay-color":"","overlay-opacity":"","overlay-gradient":""},"tablet":{"background-color":"","background-image":"","background-repeat":"repeat","background-position":"center center","background-size":"auto","background-attachment":"scroll","background-type":"","background-media":"","overlay-type":"","overlay-color":"","overlay-opacity":"","overlay-gradient":""},"mobile":{"background-color":"","background-image":"","background-repeat":"repeat","background-position":"center center","background-size":"auto","background-attachment":"scroll","background-type":"","background-media":"","overlay-type":"","overlay-color":"","overlay-opacity":"","overlay-gradient":""}},"ast-content-background-meta":{"desktop":{"background-color":"var(--ast-global-color-5)","background-image":"","background-repeat":"repeat","background-position":"center center","background-size":"auto","background-attachment":"scroll","background-type":"","background-media":"","overlay-type":"","overlay-color":"","overlay-opacity":"","overlay-gradient":""},"tablet":{"background-color":"var(--ast-global-color-5)","background-image":"","background-repeat":"repeat","background-position":"center center","background-size":"auto","background-attachment":"scroll","background-type":"","background-media":"","overlay-type":"","overlay-color":"","overlay-opacity":"","overlay-gradient":""},"mobile":{"background-color":"var(--ast-global-color-5)","background-image":"","background-repeat":"repeat","background-position":"center center","background-size":"auto","background-attachment":"scroll","background-type":"","background-media":"","overlay-type":"","overlay-color":"","overlay-opacity":"","overlay-gradient":""}},"footnotes":""},"class_list":["post-2749","page","type-page","status-publish","hentry"],"_links":{"self":[{"href":"https:\/\/www.pete.com.br\/site\/wp-json\/wp\/v2\/pages\/2749","targetHints":{"allow":["GET"]}}],"collection":[{"href":"https:\/\/www.pete.com.br\/site\/wp-json\/wp\/v2\/pages"}],"about":[{"href":"https:\/\/www.pete.com.br\/site\/wp-json\/wp\/v2\/types\/page"}],"author":[{"embeddable":true,"href":"https:\/\/www.pete.com.br\/site\/wp-json\/wp\/v2\/users\/1"}],"replies":[{"embeddable":true,"href":"https:\/\/www.pete.com.br\/site\/wp-json\/wp\/v2\/comments?post=2749"}],"version-history":[{"count":64,"href":"https:\/\/www.pete.com.br\/site\/wp-json\/wp\/v2\/pages\/2749\/revisions"}],"predecessor-version":[{"id":2844,"href":"https:\/\/www.pete.com.br\/site\/wp-json\/wp\/v2\/pages\/2749\/revisions\/2844"}],"wp:attachment":[{"href":"https:\/\/www.pete.com.br\/site\/wp-json\/wp\/v2\/media?parent=2749"}],"curies":[{"name":"wp","href":"https:\/\/api.w.org\/{rel}","templated":true}]}}