{"id":2109,"date":"2021-05-18T20:43:22","date_gmt":"2021-05-18T20:43:22","guid":{"rendered":"https:\/\/www.pete.com.br\/site\/?page_id=2109"},"modified":"2022-11-29T17:03:22","modified_gmt":"2022-11-29T20:03:22","slug":"noticias","status":"publish","type":"page","link":"https:\/\/www.pete.com.br\/site\/noticias\/","title":{"rendered":"Not\u00edcias"},"content":{"rendered":"\t\t<div data-elementor-type=\"wp-page\" data-elementor-id=\"2109\" class=\"elementor elementor-2109\">\n\t\t\t\t\t\t<section class=\"elementor-section elementor-top-section elementor-element elementor-element-fd5e0c7 elementor-section-boxed elementor-section-height-default elementor-section-height-default\" data-id=\"fd5e0c7\" data-element_type=\"section\" data-e-type=\"section\" data-settings=\"{&quot;background_background&quot;:&quot;classic&quot;}\">\n\t\t\t\t\t\t<div class=\"elementor-container elementor-column-gap-no\">\n\t\t\t\t\t<div class=\"elementor-column elementor-col-100 elementor-top-column elementor-element elementor-element-1ea8ce0\" data-id=\"1ea8ce0\" data-element_type=\"column\" data-e-type=\"column\">\n\t\t\t<div class=\"elementor-widget-wrap elementor-element-populated\">\n\t\t\t\t\t\t<div class=\"elementor-element elementor-element-04341a0 elementor-widget elementor-widget-heading\" data-id=\"04341a0\" data-element_type=\"widget\" data-e-type=\"widget\" data-widget_type=\"heading.default\">\n\t\t\t\t<div class=\"elementor-widget-container\">\n\t\t\t\t\t<h1 class=\"elementor-heading-title elementor-size-default\">NOT\u00cdCIAS<\/h1>\t\t\t\t<\/div>\n\t\t\t\t<\/div>\n\t\t\t\t\t<\/div>\n\t\t<\/div>\n\t\t\t\t\t<\/div>\n\t\t<\/section>\n\t\t\t\t<section class=\"elementor-section elementor-top-section elementor-element elementor-element-34cbbad elementor-section-boxed elementor-section-height-default elementor-section-height-default\" data-id=\"34cbbad\" data-element_type=\"section\" data-e-type=\"section\">\n\t\t\t\t\t\t<div class=\"elementor-container elementor-column-gap-default\">\n\t\t\t\t\t<div class=\"elementor-column elementor-col-100 elementor-top-column elementor-element elementor-element-3f72f9e\" data-id=\"3f72f9e\" data-element_type=\"column\" data-e-type=\"column\">\n\t\t\t<div class=\"elementor-widget-wrap elementor-element-populated\">\n\t\t\t\t\t\t<div class=\"elementor-element elementor-element-4596c63 elementor-grid-eael-col-3 elementor-grid-tablet-eael-col-2 elementor-grid-mobile-eael-col-1 elementor-widget elementor-widget-eael-post-grid\" data-id=\"4596c63\" data-element_type=\"widget\" data-e-type=\"widget\" data-settings=\"{&quot;eael_post_grid_columns&quot;:&quot;eael-col-3&quot;,&quot;eael_post_grid_columns_tablet&quot;:&quot;eael-col-2&quot;,&quot;eael_post_grid_columns_mobile&quot;:&quot;eael-col-1&quot;}\" data-widget_type=\"eael-post-grid.default\">\n\t\t\t\t<div class=\"elementor-widget-container\">\n\t\t\t\t\t<div id=\"eael-post-grid-4596c63\" class=\"eael-post-grid-container\">\n            <div class=\"eael-post-grid eael-post-appender eael-post-appender-4596c63 eael-post-grid-style-one\" data-layout-mode=\"masonry\"><article class=\"eael-grid-post  eael-post-grid-column eael-pg-post-2061\" data-id=\"2061\">\n        <div class=\"eael-grid-post-holder\">\n            <div class=\"eael-grid-post-holder-inner\"><div class=\"eael-entry-media\"><div class=\"eael-entry-overlay fade-in\"><i class=\"fas fa-arrow-alt-circle-right\" aria-hidden=\"true\"><\/i><a href=\"https:\/\/www.pete.com.br\/site\/projeto-pioneiro-no-pais-alia-robotica-a-terapia-fonoaudiologica-com-autistas-2\/\"><\/a><\/div><div class=\"eael-entry-thumbnail \">\n                <img decoding=\"async\" width=\"252\" height=\"188\" src=\"https:\/\/www.pete.com.br\/site\/wp-content\/uploads\/2021\/05\/4.jpg\" class=\"attachment-medium_large size-medium_large wp-image-872\" alt=\"\" \/>\n            <\/div>\n        <\/div><div class=\"eael-entry-wrapper\"><header class=\"eael-entry-header\"><h5 class=\"eael-entry-title\"><a class=\"eael-grid-post-link\" href=\"https:\/\/www.pete.com.br\/site\/projeto-pioneiro-no-pais-alia-robotica-a-terapia-fonoaudiologica-com-autistas-2\/\" title=\"Projeto Programando e Aprendendo na Educa\u00e7\u00e3o Infantil\">Projeto Programando e Aprendendo na Educa\u00e7\u00e3o<\/a><\/h5><\/header><div class=\"eael-entry-content\">\n                        <div class=\"eael-grid-post-excerpt\"><a href=\"https:\/\/www.pete.com.br\/site\/projeto-pioneiro-no-pais-alia-robotica-a-terapia-fonoaudiologica-com-autistas-2\/\" class=\"eael-post-elements-readmore-btn\">SAIBA MAIS &gt;<\/a><\/div>\n                    <\/div><\/div><\/div>\n        <\/div>\n    <\/article><article class=\"eael-grid-post  eael-post-grid-column eael-pg-post-1929\" data-id=\"1929\">\n        <div class=\"eael-grid-post-holder\">\n            <div class=\"eael-grid-post-holder-inner\"><div class=\"eael-entry-media\"><div class=\"eael-entry-overlay fade-in\"><i class=\"fas fa-arrow-alt-circle-right\" aria-hidden=\"true\"><\/i><a href=\"https:\/\/www.pete.com.br\/site\/projeto-pioneiro-no-pais-alia-robotica-a-terapia-fonoaudiologica-com-autistas\/\"><\/a><\/div><div class=\"eael-entry-thumbnail \">\n                <img decoding=\"async\" width=\"252\" height=\"188\" src=\"https:\/\/www.pete.com.br\/site\/wp-content\/uploads\/2021\/05\/projeto-01.jpg\" class=\"attachment-medium_large size-medium_large wp-image-2047\" alt=\"\" \/>\n            <\/div>\n        <\/div><div class=\"eael-entry-wrapper\"><header class=\"eael-entry-header\"><h5 class=\"eael-entry-title\"><a class=\"eael-grid-post-link\" href=\"https:\/\/www.pete.com.br\/site\/projeto-pioneiro-no-pais-alia-robotica-a-terapia-fonoaudiologica-com-autistas\/\" title=\"Projeto pioneiro alia rob\u00f3tica \u00e0 terapia fonoaudiol\u00f3gica com autistas\">Projeto pioneiro alia rob\u00f3tica \u00e0 terapia fonoaudiol\u00f3gica com<\/a><\/h5><\/header><div class=\"eael-entry-content\">\n                        <div class=\"eael-grid-post-excerpt\"><a href=\"https:\/\/www.pete.com.br\/site\/projeto-pioneiro-no-pais-alia-robotica-a-terapia-fonoaudiologica-com-autistas\/\" class=\"eael-post-elements-readmore-btn\">SAIBA MAIS &gt;<\/a><\/div>\n                    <\/div><\/div><\/div>\n        <\/div>\n    <\/article><article class=\"eael-grid-post  eael-post-grid-column eael-pg-post-1906\" data-id=\"1906\">\n        <div class=\"eael-grid-post-holder\">\n            <div class=\"eael-grid-post-holder-inner\"><div class=\"eael-entry-media\"><div class=\"eael-entry-overlay fade-in\"><i class=\"fas fa-arrow-alt-circle-right\" aria-hidden=\"true\"><\/i><a href=\"https:\/\/www.pete.com.br\/site\/conheca-5-robos-cute-feitos-com-kits-pete\/\"><\/a><\/div><div class=\"eael-entry-thumbnail \">\n                <img fetchpriority=\"high\" decoding=\"async\" width=\"768\" height=\"1086\" src=\"https:\/\/www.pete.com.br\/site\/wp-content\/uploads\/2021\/05\/Design-sem-nome-10-768x1086.png\" class=\"attachment-medium_large size-medium_large wp-image-1898\" alt=\"\" srcset=\"https:\/\/www.pete.com.br\/site\/wp-content\/uploads\/2021\/05\/Design-sem-nome-10-768x1086.png 768w, https:\/\/www.pete.com.br\/site\/wp-content\/uploads\/2021\/05\/Design-sem-nome-10-212x300.png 212w, https:\/\/www.pete.com.br\/site\/wp-content\/uploads\/2021\/05\/Design-sem-nome-10-724x1024.png 724w, https:\/\/www.pete.com.br\/site\/wp-content\/uploads\/2021\/05\/Design-sem-nome-10-1086x1536.png 1086w, https:\/\/www.pete.com.br\/site\/wp-content\/uploads\/2021\/05\/Design-sem-nome-10-1448x2048.png 1448w, https:\/\/www.pete.com.br\/site\/wp-content\/uploads\/2021\/05\/Design-sem-nome-10.png 1587w\" sizes=\"(max-width: 768px) 100vw, 768px\" \/>\n            <\/div>\n        <\/div><div class=\"eael-entry-wrapper\"><header class=\"eael-entry-header\"><h5 class=\"eael-entry-title\"><a class=\"eael-grid-post-link\" href=\"https:\/\/www.pete.com.br\/site\/conheca-5-robos-cute-feitos-com-kits-pete\/\" title=\"Conhe\u00e7a 5 Rob\u00f4s Cute feitos com Kits PETE\">Conhe\u00e7a 5 Rob\u00f4s Cute feitos com Kits<\/a><\/h5><\/header><div class=\"eael-entry-content\">\n                        <div class=\"eael-grid-post-excerpt\"><a href=\"https:\/\/www.pete.com.br\/site\/conheca-5-robos-cute-feitos-com-kits-pete\/\" class=\"eael-post-elements-readmore-btn\">SAIBA MAIS &gt;<\/a><\/div>\n                    <\/div><\/div><\/div>\n        <\/div>\n    <\/article><\/div>\n            <div class=\"clearfix\"><\/div>\n        <\/div>\t\t\t\t<\/div>\n\t\t\t\t<\/div>\n\t\t\t\t\t<\/div>\n\t\t<\/div>\n\t\t\t\t\t<\/div>\n\t\t<\/section>\n\t\t\t\t<\/div>\n\t\t","protected":false},"excerpt":{"rendered":"<p>NOT\u00cdCIAS Projeto Programando e Aprendendo na Educa\u00e7\u00e3o SAIBA MAIS &gt; Projeto pioneiro alia rob\u00f3tica \u00e0 terapia fonoaudiol\u00f3gica com SAIBA MAIS &gt; Conhe\u00e7a 5 Rob\u00f4s Cute feitos com Kits SAIBA MAIS &gt;<\/p>\n","protected":false},"author":1,"featured_media":0,"parent":0,"menu_order":0,"comment_status":"closed","ping_status":"closed","template":"","meta":{"site-sidebar-layout":"no-sidebar","site-content-layout":"page-builder","ast-site-content-layout":"default","site-content-style":"default","site-sidebar-style":"default","ast-global-header-display":"","ast-banner-title-visibility":"","ast-main-header-display":"","ast-hfb-above-header-display":"","ast-hfb-below-header-display":"","ast-hfb-mobile-header-display":"","site-post-title":"disabled","ast-breadcrumbs-content":"","ast-featured-img":"disabled","footer-sml-layout":"","ast-disable-related-posts":"","theme-transparent-header-meta":"enabled","adv-header-id-meta":"","stick-header-meta":"","header-above-stick-meta":"","header-main-stick-meta":"","header-below-stick-meta":"","astra-migrate-meta-layouts":"default","ast-page-background-enabled":"default","ast-page-background-meta":{"desktop":{"background-color":"","background-image":"","background-repeat":"repeat","background-position":"center center","background-size":"auto","background-attachment":"scroll","background-type":"","background-media":"","overlay-type":"","overlay-color":"","overlay-opacity":"","overlay-gradient":""},"tablet":{"background-color":"","background-image":"","background-repeat":"repeat","background-position":"center center","background-size":"auto","background-attachment":"scroll","background-type":"","background-media":"","overlay-type":"","overlay-color":"","overlay-opacity":"","overlay-gradient":""},"mobile":{"background-color":"","background-image":"","background-repeat":"repeat","background-position":"center center","background-size":"auto","background-attachment":"scroll","background-type":"","background-media":"","overlay-type":"","overlay-color":"","overlay-opacity":"","overlay-gradient":""}},"ast-content-background-meta":{"desktop":{"background-color":"var(--ast-global-color-5)","background-image":"","background-repeat":"repeat","background-position":"center center","background-size":"auto","background-attachment":"scroll","background-type":"","background-media":"","overlay-type":"","overlay-color":"","overlay-opacity":"","overlay-gradient":""},"tablet":{"background-color":"var(--ast-global-color-5)","background-image":"","background-repeat":"repeat","background-position":"center center","background-size":"auto","background-attachment":"scroll","background-type":"","background-media":"","overlay-type":"","overlay-color":"","overlay-opacity":"","overlay-gradient":""},"mobile":{"background-color":"var(--ast-global-color-5)","background-image":"","background-repeat":"repeat","background-position":"center center","background-size":"auto","background-attachment":"scroll","background-type":"","background-media":"","overlay-type":"","overlay-color":"","overlay-opacity":"","overlay-gradient":""}},"footnotes":""},"class_list":["post-2109","page","type-page","status-publish","hentry"],"_links":{"self":[{"href":"https:\/\/www.pete.com.br\/site\/wp-json\/wp\/v2\/pages\/2109","targetHints":{"allow":["GET"]}}],"collection":[{"href":"https:\/\/www.pete.com.br\/site\/wp-json\/wp\/v2\/pages"}],"about":[{"href":"https:\/\/www.pete.com.br\/site\/wp-json\/wp\/v2\/types\/page"}],"author":[{"embeddable":true,"href":"https:\/\/www.pete.com.br\/site\/wp-json\/wp\/v2\/users\/1"}],"replies":[{"embeddable":true,"href":"https:\/\/www.pete.com.br\/site\/wp-json\/wp\/v2\/comments?post=2109"}],"version-history":[{"count":19,"href":"https:\/\/www.pete.com.br\/site\/wp-json\/wp\/v2\/pages\/2109\/revisions"}],"predecessor-version":[{"id":2709,"href":"https:\/\/www.pete.com.br\/site\/wp-json\/wp\/v2\/pages\/2109\/revisions\/2709"}],"wp:attachment":[{"href":"https:\/\/www.pete.com.br\/site\/wp-json\/wp\/v2\/media?parent=2109"}],"curies":[{"name":"wp","href":"https:\/\/api.w.org\/{rel}","templated":true}]}}