{"id":1929,"date":"2021-05-18T17:50:46","date_gmt":"2021-05-18T17:50:46","guid":{"rendered":"https:\/\/www.pete.com.br\/site\/?page_id=1929"},"modified":"2022-11-29T16:54:01","modified_gmt":"2022-11-29T19:54:01","slug":"projeto-pioneiro-no-pais-alia-robotica-a-terapia-fonoaudiologica-com-autistas","status":"publish","type":"page","link":"https:\/\/www.pete.com.br\/site\/projeto-pioneiro-no-pais-alia-robotica-a-terapia-fonoaudiologica-com-autistas\/","title":{"rendered":"Projeto pioneiro alia rob\u00f3tica \u00e0 terapia fonoaudiol\u00f3gica com autistas"},"content":{"rendered":"\t\t<div data-elementor-type=\"wp-page\" data-elementor-id=\"1929\" class=\"elementor elementor-1929\">\n\t\t\t\t\t\t<section class=\"elementor-section elementor-top-section elementor-element elementor-element-fd5e0c7 elementor-section-boxed elementor-section-height-default elementor-section-height-default\" data-id=\"fd5e0c7\" data-element_type=\"section\" data-e-type=\"section\" data-settings=\"{&quot;background_background&quot;:&quot;classic&quot;}\">\n\t\t\t\t\t\t<div class=\"elementor-container elementor-column-gap-no\">\n\t\t\t\t\t<div class=\"elementor-column elementor-col-100 elementor-top-column elementor-element elementor-element-1ea8ce0\" data-id=\"1ea8ce0\" data-element_type=\"column\" data-e-type=\"column\">\n\t\t\t<div class=\"elementor-widget-wrap elementor-element-populated\">\n\t\t\t\t\t\t<div class=\"elementor-element elementor-element-04341a0 elementor-widget elementor-widget-heading\" data-id=\"04341a0\" data-element_type=\"widget\" data-e-type=\"widget\" data-widget_type=\"heading.default\">\n\t\t\t\t<div class=\"elementor-widget-container\">\n\t\t\t\t\t<h1 class=\"elementor-heading-title elementor-size-default\">Not\u00edcias<\/h1>\t\t\t\t<\/div>\n\t\t\t\t<\/div>\n\t\t\t\t\t<\/div>\n\t\t<\/div>\n\t\t\t\t\t<\/div>\n\t\t<\/section>\n\t\t\t\t<section class=\"elementor-section elementor-top-section elementor-element elementor-element-92db31d elementor-section-boxed elementor-section-height-default elementor-section-height-default\" data-id=\"92db31d\" data-element_type=\"section\" data-e-type=\"section\">\n\t\t\t\t\t\t<div class=\"elementor-container elementor-column-gap-default\">\n\t\t\t\t\t<div class=\"elementor-column elementor-col-50 elementor-top-column elementor-element elementor-element-ed72e7d\" data-id=\"ed72e7d\" data-element_type=\"column\" data-e-type=\"column\">\n\t\t\t<div class=\"elementor-widget-wrap elementor-element-populated\">\n\t\t\t\t\t\t<div class=\"elementor-element elementor-element-db90254 elementor-widget elementor-widget-image\" data-id=\"db90254\" data-element_type=\"widget\" data-e-type=\"widget\" data-widget_type=\"image.default\">\n\t\t\t\t<div class=\"elementor-widget-container\">\n\t\t\t\t\t\t\t\t\t\t\t\t\t\t\t<img decoding=\"async\" width=\"252\" height=\"188\" src=\"https:\/\/www.pete.com.br\/site\/wp-content\/uploads\/2021\/05\/projeto-01.jpg\" class=\"attachment-medium_large size-medium_large wp-image-2047\" alt=\"\" \/>\t\t\t\t\t\t\t\t\t\t\t\t\t\t\t<\/div>\n\t\t\t\t<\/div>\n\t\t\t\t\t<\/div>\n\t\t<\/div>\n\t\t\t\t<div class=\"elementor-column elementor-col-50 elementor-top-column elementor-element elementor-element-07e3806\" data-id=\"07e3806\" data-element_type=\"column\" data-e-type=\"column\">\n\t\t\t<div class=\"elementor-widget-wrap elementor-element-populated\">\n\t\t\t\t\t\t<div class=\"elementor-element elementor-element-943b2a9 elementor-widget elementor-widget-heading\" data-id=\"943b2a9\" data-element_type=\"widget\" data-e-type=\"widget\" data-widget_type=\"heading.default\">\n\t\t\t\t<div class=\"elementor-widget-container\">\n\t\t\t\t\t<h2 class=\"elementor-heading-title elementor-size-default\">Projeto pioneiro no pa\u00eds alia rob\u00f3tica \u00e0 terapia fonoaudiol\u00f3gica com autistas<\/h2>\t\t\t\t<\/div>\n\t\t\t\t<\/div>\n\t\t\t\t\t<\/div>\n\t\t<\/div>\n\t\t\t\t\t<\/div>\n\t\t<\/section>\n\t\t\t\t<section class=\"elementor-section elementor-top-section elementor-element elementor-element-0dccd85 elementor-section-boxed elementor-section-height-default elementor-section-height-default\" data-id=\"0dccd85\" data-element_type=\"section\" data-e-type=\"section\" data-settings=\"{&quot;background_background&quot;:&quot;classic&quot;}\">\n\t\t\t\t\t\t<div class=\"elementor-container elementor-column-gap-default\">\n\t\t\t\t\t<div class=\"elementor-column elementor-col-100 elementor-top-column elementor-element elementor-element-ee53cf8\" data-id=\"ee53cf8\" data-element_type=\"column\" data-e-type=\"column\">\n\t\t\t<div class=\"elementor-widget-wrap elementor-element-populated\">\n\t\t\t\t\t\t<div class=\"elementor-element elementor-element-a26e3c8 elementor-widget elementor-widget-text-editor\" data-id=\"a26e3c8\" data-element_type=\"widget\" data-e-type=\"widget\" data-widget_type=\"text-editor.default\">\n\t\t\t\t<div class=\"elementor-widget-container\">\n\t\t\t\t\t\t\t\t\t<p><span class=\"Capitular\">U<\/span>m projeto realizado na Faculdade de Filosofia e Ci\u00eancias (FFC) da Unesp, C\u00e2mpus de Mar\u00edlia, tem adotado o uso da rob\u00f3tica em terapias fonoaudiol\u00f3gicas com crian\u00e7as e adolescentes com Transtornos do Espectro do Autismo. Coordenado pelas pesquisadoras Andr\u00e9a Regina Nunes Misquiatti, professora do Departamento de Fonoaudiologia da Unidade e coordenadora do Laborat\u00f3rio de Altera\u00e7\u00f5es da Linguagem Infantil (LEALI), e Maria Claudia Brito, pesquisadora CNPq SET-N\u00edvel A e do Laborat\u00f3rio, o projeto \u00e9 pioneiro no Brasil ao utilizar rob\u00f4s nesse tipo de interven\u00e7\u00e3o terap\u00eautica.<\/p>\t\t\t\t\t\t\t\t<\/div>\n\t\t\t\t<\/div>\n\t\t\t\t\t<\/div>\n\t\t<\/div>\n\t\t\t\t\t<\/div>\n\t\t<\/section>\n\t\t\t\t<section class=\"elementor-section elementor-top-section elementor-element elementor-element-96bcab7 elementor-section-boxed elementor-section-height-default elementor-section-height-default\" data-id=\"96bcab7\" data-element_type=\"section\" data-e-type=\"section\">\n\t\t\t\t\t\t<div class=\"elementor-container elementor-column-gap-default\">\n\t\t\t\t\t<div class=\"elementor-column elementor-col-100 elementor-top-column elementor-element elementor-element-647548f\" data-id=\"647548f\" data-element_type=\"column\" data-e-type=\"column\">\n\t\t\t<div class=\"elementor-widget-wrap elementor-element-populated\">\n\t\t\t\t\t\t<div class=\"elementor-element elementor-element-d93d836 elementor-widget elementor-widget-image\" data-id=\"d93d836\" data-element_type=\"widget\" data-e-type=\"widget\" data-widget_type=\"image.default\">\n\t\t\t\t<div class=\"elementor-widget-container\">\n\t\t\t\t\t\t\t\t\t\t\t\t\t\t\t<img decoding=\"async\" width=\"252\" height=\"188\" src=\"https:\/\/www.pete.com.br\/site\/wp-content\/uploads\/2021\/05\/capa-projeto.jpg\" class=\"attachment-medium size-medium wp-image-2046\" alt=\"\" \/>\t\t\t\t\t\t\t\t\t\t\t\t\t\t\t<\/div>\n\t\t\t\t<\/div>\n\t\t\t\t<div class=\"elementor-element elementor-element-33eb218 elementor-widget__width-initial elementor-widget elementor-widget-text-editor\" data-id=\"33eb218\" data-element_type=\"widget\" data-e-type=\"widget\" data-settings=\"{&quot;_animation&quot;:&quot;none&quot;}\" data-widget_type=\"text-editor.default\">\n\t\t\t\t<div class=\"elementor-widget-container\">\n\t\t\t\t\t\t\t\t\t<p>Din\u00e2mica em grupo com utiliza\u00e7\u00e3o dos rob\u00f4s. Ao centro, as pesquisadoras Andr\u00e9a Misquiatti e Maria Claudia Brito<\/p>\t\t\t\t\t\t\t\t<\/div>\n\t\t\t\t<\/div>\n\t\t\t\t\t<\/div>\n\t\t<\/div>\n\t\t\t\t\t<\/div>\n\t\t<\/section>\n\t\t\t\t<section class=\"elementor-section elementor-top-section elementor-element elementor-element-70533ad elementor-section-boxed elementor-section-height-default elementor-section-height-default\" data-id=\"70533ad\" data-element_type=\"section\" data-e-type=\"section\" data-settings=\"{&quot;background_background&quot;:&quot;classic&quot;}\">\n\t\t\t\t\t\t<div class=\"elementor-container elementor-column-gap-default\">\n\t\t\t\t\t<div class=\"elementor-column elementor-col-100 elementor-top-column elementor-element elementor-element-04dacfe\" data-id=\"04dacfe\" data-element_type=\"column\" data-e-type=\"column\">\n\t\t\t<div class=\"elementor-widget-wrap elementor-element-populated\">\n\t\t\t\t\t\t<div class=\"elementor-element elementor-element-056a5ce elementor-widget elementor-widget-text-editor\" data-id=\"056a5ce\" data-element_type=\"widget\" data-e-type=\"widget\" data-widget_type=\"text-editor.default\">\n\t\t\t\t<div class=\"elementor-widget-container\">\n\t\t\t\t\t\t\t\t\t<p>A iniciativa se deu a partir de um projeto que vem sendo realizado por Maria Claudia, que envolve o desenvolvimento e a adapta\u00e7\u00e3o de dispositivos rob\u00f3ticos e mecatr\u00f4nicos para favorecer as intera\u00e7\u00f5es sociais de pessoas com Transtornos do Espectro do Autismo. O trabalho tem financiamento do Conselho Nacional de Desenvolvimento Cient\u00edfico e Tecnol\u00f3gico (CNPq) e \u00e9 desenvolvido em parceria com a empresa PETE \u2013 Educa\u00e7\u00e3o com Tecnologia, de S\u00e3o Carlos-SP.<\/p>\t\t\t\t\t\t\t\t<\/div>\n\t\t\t\t<\/div>\n\t\t\t\t\t<\/div>\n\t\t<\/div>\n\t\t\t\t\t<\/div>\n\t\t<\/section>\n\t\t\t\t<section class=\"elementor-section elementor-top-section elementor-element elementor-element-e84f859 elementor-section-boxed elementor-section-height-default elementor-section-height-default\" data-id=\"e84f859\" data-element_type=\"section\" data-e-type=\"section\">\n\t\t\t\t\t\t<div class=\"elementor-container elementor-column-gap-default\">\n\t\t\t\t\t<div class=\"elementor-column elementor-col-100 elementor-top-column elementor-element elementor-element-dfd7dbb\" data-id=\"dfd7dbb\" data-element_type=\"column\" data-e-type=\"column\">\n\t\t\t<div class=\"elementor-widget-wrap elementor-element-populated\">\n\t\t\t\t\t\t<div class=\"elementor-element elementor-element-2a3f012 elementor-widget elementor-widget-image\" data-id=\"2a3f012\" data-element_type=\"widget\" data-e-type=\"widget\" data-widget_type=\"image.default\">\n\t\t\t\t<div class=\"elementor-widget-container\">\n\t\t\t\t\t\t\t\t\t\t\t\t\t\t\t<img decoding=\"async\" width=\"252\" height=\"188\" src=\"https:\/\/www.pete.com.br\/site\/wp-content\/uploads\/2021\/05\/projeto-01.jpg\" class=\"attachment-medium size-medium wp-image-2047\" alt=\"\" \/>\t\t\t\t\t\t\t\t\t\t\t\t\t\t\t<\/div>\n\t\t\t\t<\/div>\n\t\t\t\t<div class=\"elementor-element elementor-element-bd26570 elementor-widget__width-initial elementor-widget elementor-widget-text-editor\" data-id=\"bd26570\" data-element_type=\"widget\" data-e-type=\"widget\" data-settings=\"{&quot;_animation&quot;:&quot;none&quot;}\" data-widget_type=\"text-editor.default\">\n\t\t\t\t<div class=\"elementor-widget-container\">\n\t\t\t\t\t\t\t\t\t<p>Participante da atividade mostra um dos rob\u00f4s<\/p>\t\t\t\t\t\t\t\t<\/div>\n\t\t\t\t<\/div>\n\t\t\t\t\t<\/div>\n\t\t<\/div>\n\t\t\t\t\t<\/div>\n\t\t<\/section>\n\t\t\t\t<section class=\"elementor-section elementor-top-section elementor-element elementor-element-fa078f0 elementor-section-boxed elementor-section-height-default elementor-section-height-default\" data-id=\"fa078f0\" data-element_type=\"section\" data-e-type=\"section\" data-settings=\"{&quot;background_background&quot;:&quot;classic&quot;}\">\n\t\t\t\t\t\t<div class=\"elementor-container elementor-column-gap-default\">\n\t\t\t\t\t<div class=\"elementor-column elementor-col-100 elementor-top-column elementor-element elementor-element-c7ab38e\" data-id=\"c7ab38e\" data-element_type=\"column\" data-e-type=\"column\">\n\t\t\t<div class=\"elementor-widget-wrap elementor-element-populated\">\n\t\t\t\t\t\t<div class=\"elementor-element elementor-element-63a4d6b elementor-widget elementor-widget-text-editor\" data-id=\"63a4d6b\" data-element_type=\"widget\" data-e-type=\"widget\" data-widget_type=\"text-editor.default\">\n\t\t\t\t<div class=\"elementor-widget-container\">\n\t\t\t\t\t\t\t\t\t<p>O Programa de Interven\u00e7\u00e3o Fonoaudiol\u00f3gica com Rob\u00f3tica \u00e9 realizado no Laborat\u00f3rio de Estudos das Altera\u00e7\u00f5es de Linguagem Infantil (LEALI) da Unesp de Mar\u00edlia pelas pesquisadoras, com apoio de graduandas em Fonoaudiologia da FFC, e tem entre seus objetivos principais utilizar a rob\u00f3tica para favorecer as habilidades sociais, comunicativas e cognitivas de crian\u00e7as e adolescentes com Transtornos do Espectro do Autismo. As situa\u00e7\u00f5es e atividades s\u00e3o planejadas, registradas e analisadas por meio de procedimentos metodol\u00f3gicos de pesquisa cient\u00edfica.\u00a0<br \/><br \/>Nas sess\u00f5es de terapia fonoaudiol\u00f3gica s\u00e3o utilizados kits de rob\u00f3tica &#8212; compostos por pe\u00e7as, sensores, motores e controladores, al\u00e9m de um ambiente de programa\u00e7\u00e3o com interface amig\u00e1vel e acess\u00edvel &#8212; tanto em sess\u00f5es individuais e em grupo. Atualmente, o projeto atende dez crian\u00e7as e adolescentes entre os tr\u00eas e 14 anos de idade.\u00a0<br \/><br \/>De acordo com Maria Claudia, os dados coletados e analisados at\u00e9 o momento t\u00eam evidenciado resultados significativamente positivos. &#8220;J\u00e1 \u00e9 percept\u00edvel o aumento da aten\u00e7\u00e3o compartilhada, habilidades sociais no trabalho em grupo, desenvolvimento da coordena\u00e7\u00e3o motora fina, motiva\u00e7\u00e3o e engajamento nas atividades propostas&#8221;, comenta a pesquisadora.<\/p>\t\t\t\t\t\t\t\t<\/div>\n\t\t\t\t<\/div>\n\t\t\t\t\t<\/div>\n\t\t<\/div>\n\t\t\t\t\t<\/div>\n\t\t<\/section>\n\t\t\t\t<section class=\"elementor-section elementor-top-section elementor-element elementor-element-b8c2e16 elementor-section-boxed elementor-section-height-default elementor-section-height-default\" data-id=\"b8c2e16\" data-element_type=\"section\" data-e-type=\"section\">\n\t\t\t\t\t\t<div class=\"elementor-container elementor-column-gap-default\">\n\t\t\t\t\t<div class=\"elementor-column elementor-col-100 elementor-top-column elementor-element elementor-element-9322767\" data-id=\"9322767\" data-element_type=\"column\" data-e-type=\"column\">\n\t\t\t<div class=\"elementor-widget-wrap elementor-element-populated\">\n\t\t\t\t\t\t<div class=\"elementor-element elementor-element-74bd78c elementor-widget elementor-widget-image\" data-id=\"74bd78c\" data-element_type=\"widget\" data-e-type=\"widget\" data-widget_type=\"image.default\">\n\t\t\t\t<div class=\"elementor-widget-container\">\n\t\t\t\t\t\t\t\t\t\t\t\t\t\t\t<img loading=\"lazy\" decoding=\"async\" width=\"252\" height=\"188\" src=\"https:\/\/www.pete.com.br\/site\/wp-content\/uploads\/2021\/05\/projeto-02.jpg\" class=\"attachment-medium size-medium wp-image-2048\" alt=\"\" \/>\t\t\t\t\t\t\t\t\t\t\t\t\t\t\t<\/div>\n\t\t\t\t<\/div>\n\t\t\t\t<div class=\"elementor-element elementor-element-1075379 elementor-widget__width-initial elementor-widget elementor-widget-text-editor\" data-id=\"1075379\" data-element_type=\"widget\" data-e-type=\"widget\" data-settings=\"{&quot;_animation&quot;:&quot;none&quot;}\" data-widget_type=\"text-editor.default\">\n\t\t\t\t<div class=\"elementor-widget-container\">\n\t\t\t\t\t\t\t\t\t<p>Momento da interven\u00e7\u00e3o em uma das sess\u00f5es<\/p>\t\t\t\t\t\t\t\t<\/div>\n\t\t\t\t<\/div>\n\t\t\t\t\t<\/div>\n\t\t<\/div>\n\t\t\t\t\t<\/div>\n\t\t<\/section>\n\t\t\t\t<section class=\"elementor-section elementor-top-section elementor-element elementor-element-651f47e elementor-section-boxed elementor-section-height-default elementor-section-height-default\" data-id=\"651f47e\" data-element_type=\"section\" data-e-type=\"section\" data-settings=\"{&quot;background_background&quot;:&quot;classic&quot;}\">\n\t\t\t\t\t\t<div class=\"elementor-container elementor-column-gap-default\">\n\t\t\t\t\t<div class=\"elementor-column elementor-col-100 elementor-top-column elementor-element elementor-element-916eff0\" data-id=\"916eff0\" data-element_type=\"column\" data-e-type=\"column\">\n\t\t\t<div class=\"elementor-widget-wrap elementor-element-populated\">\n\t\t\t\t\t\t<div class=\"elementor-element elementor-element-a1682ea elementor-widget elementor-widget-text-editor\" data-id=\"a1682ea\" data-element_type=\"widget\" data-e-type=\"widget\" data-widget_type=\"text-editor.default\">\n\t\t\t\t<div class=\"elementor-widget-container\">\n\t\t\t\t\t\t\t\t\t<p>Com estes resultados j\u00e1 observados, o projeto mostra que as contribui\u00e7\u00f5es da colabora\u00e7\u00e3o multidisciplinar da Fonoaudiologia e da Rob\u00f3tica para o desenvolvimento de conhecimento cient\u00edfico e pr\u00e1ticas em tecnologias de inova\u00e7\u00e3o podem melhorar o desenvolvimento e a qualidade de vida da popula\u00e7\u00e3o. \u00c9 o que evidenciam os relatos dos pr\u00f3prios participantes: &#8220;Isso \u00e9 magn\u00edfico&#8221; (paciente de 11 anos); &#8220;Sempre quis fazer jogos de computador&#8221; (paciente de 14 anos); &#8220;Finalmente irei construir uma m\u00e1quina, eu queria isso desde pequeno, vou construir uma m\u00e1quina que transforma bact\u00e9ria em dinossauro&#8221; (paciente de 12 anos).<\/p><p style=\"text-align: left;\"><strong>Fonte: UNESP Not\u00edcias<\/strong>\u00a0\u2013\u00a0<a href=\"http:\/\/www.marilia.unesp.br\/#!\/noticia\/1445\/projeto-pioneiro-no-pais-alia-robotica-a-terapia-fonoaudiologica-com-autistas\/\" target=\"_blank\" rel=\"noopener\">http:\/\/www.marilia.unesp.br\/#!\/noticia\/1445\/projeto-pioneiro-no-pais-alia-robotica-a-terapia-fonoaudiologica-com-autistas\/<\/a><\/p>\t\t\t\t\t\t\t\t<\/div>\n\t\t\t\t<\/div>\n\t\t\t\t\t<\/div>\n\t\t<\/div>\n\t\t\t\t\t<\/div>\n\t\t<\/section>\n\t\t\t\t<\/div>\n\t\t","protected":false},"excerpt":{"rendered":"<p>Not\u00edcias Projeto pioneiro no pa\u00eds alia rob\u00f3tica \u00e0 terapia fonoaudiol\u00f3gica com autistas Um projeto realizado na Faculdade de Filosofia e Ci\u00eancias (FFC) da Unesp, C\u00e2mpus de Mar\u00edlia, tem adotado o uso da rob\u00f3tica em terapias fonoaudiol\u00f3gicas com crian\u00e7as e adolescentes com Transtornos do Espectro do Autismo. Coordenado pelas pesquisadoras Andr\u00e9a Regina Nunes Misquiatti, professora do [&hellip;]<\/p>\n","protected":false},"author":1,"featured_media":2047,"parent":0,"menu_order":0,"comment_status":"closed","ping_status":"closed","template":"","meta":{"site-sidebar-layout":"no-sidebar","site-content-layout":"page-builder","ast-site-content-layout":"default","site-content-style":"default","site-sidebar-style":"default","ast-global-header-display":"","ast-banner-title-visibility":"","ast-main-header-display":"","ast-hfb-above-header-display":"","ast-hfb-below-header-display":"","ast-hfb-mobile-header-display":"","site-post-title":"disabled","ast-breadcrumbs-content":"","ast-featured-img":"disabled","footer-sml-layout":"","ast-disable-related-posts":"","theme-transparent-header-meta":"enabled","adv-header-id-meta":"","stick-header-meta":"","header-above-stick-meta":"","header-main-stick-meta":"","header-below-stick-meta":"","astra-migrate-meta-layouts":"default","ast-page-background-enabled":"default","ast-page-background-meta":{"desktop":{"background-color":"","background-image":"","background-repeat":"repeat","background-position":"center center","background-size":"auto","background-attachment":"scroll","background-type":"","background-media":"","overlay-type":"","overlay-color":"","overlay-opacity":"","overlay-gradient":""},"tablet":{"background-color":"","background-image":"","background-repeat":"repeat","background-position":"center center","background-size":"auto","background-attachment":"scroll","background-type":"","background-media":"","overlay-type":"","overlay-color":"","overlay-opacity":"","overlay-gradient":""},"mobile":{"background-color":"","background-image":"","background-repeat":"repeat","background-position":"center center","background-size":"auto","background-attachment":"scroll","background-type":"","background-media":"","overlay-type":"","overlay-color":"","overlay-opacity":"","overlay-gradient":""}},"ast-content-background-meta":{"desktop":{"background-color":"var(--ast-global-color-5)","background-image":"","background-repeat":"repeat","background-position":"center center","background-size":"auto","background-attachment":"scroll","background-type":"","background-media":"","overlay-type":"","overlay-color":"","overlay-opacity":"","overlay-gradient":""},"tablet":{"background-color":"var(--ast-global-color-5)","background-image":"","background-repeat":"repeat","background-position":"center center","background-size":"auto","background-attachment":"scroll","background-type":"","background-media":"","overlay-type":"","overlay-color":"","overlay-opacity":"","overlay-gradient":""},"mobile":{"background-color":"var(--ast-global-color-5)","background-image":"","background-repeat":"repeat","background-position":"center center","background-size":"auto","background-attachment":"scroll","background-type":"","background-media":"","overlay-type":"","overlay-color":"","overlay-opacity":"","overlay-gradient":""}},"footnotes":""},"class_list":["post-1929","page","type-page","status-publish","has-post-thumbnail","hentry"],"_links":{"self":[{"href":"https:\/\/www.pete.com.br\/site\/wp-json\/wp\/v2\/pages\/1929","targetHints":{"allow":["GET"]}}],"collection":[{"href":"https:\/\/www.pete.com.br\/site\/wp-json\/wp\/v2\/pages"}],"about":[{"href":"https:\/\/www.pete.com.br\/site\/wp-json\/wp\/v2\/types\/page"}],"author":[{"embeddable":true,"href":"https:\/\/www.pete.com.br\/site\/wp-json\/wp\/v2\/users\/1"}],"replies":[{"embeddable":true,"href":"https:\/\/www.pete.com.br\/site\/wp-json\/wp\/v2\/comments?post=1929"}],"version-history":[{"count":24,"href":"https:\/\/www.pete.com.br\/site\/wp-json\/wp\/v2\/pages\/1929\/revisions"}],"predecessor-version":[{"id":2706,"href":"https:\/\/www.pete.com.br\/site\/wp-json\/wp\/v2\/pages\/1929\/revisions\/2706"}],"wp:featuredmedia":[{"embeddable":true,"href":"https:\/\/www.pete.com.br\/site\/wp-json\/wp\/v2\/media\/2047"}],"wp:attachment":[{"href":"https:\/\/www.pete.com.br\/site\/wp-json\/wp\/v2\/media?parent=1929"}],"curies":[{"name":"wp","href":"https:\/\/api.w.org\/{rel}","templated":true}]}}