{"id":1342,"date":"2021-05-13T16:41:08","date_gmt":"2021-05-13T16:41:08","guid":{"rendered":"https:\/\/www.pete.com.br\/site\/?page_id=1342"},"modified":"2021-05-17T16:41:56","modified_gmt":"2021-05-17T16:41:56","slug":"produtos-robotica-e-mecatronica","status":"publish","type":"page","link":"https:\/\/www.pete.com.br\/site\/produtos-robotica-e-mecatronica\/","title":{"rendered":"Cole\u00e7\u00e3o de Livros: Rob\u00f3tica e Mecatr\u00f4nica"},"content":{"rendered":"\t\t<div data-elementor-type=\"wp-page\" data-elementor-id=\"1342\" class=\"elementor elementor-1342\">\n\t\t\t\t\t\t<section class=\"elementor-section elementor-top-section elementor-element elementor-element-fd5e0c7 elementor-section-boxed elementor-section-height-default elementor-section-height-default\" data-id=\"fd5e0c7\" data-element_type=\"section\" data-e-type=\"section\" data-settings=\"{&quot;background_background&quot;:&quot;classic&quot;}\">\n\t\t\t\t\t\t<div class=\"elementor-container elementor-column-gap-no\">\n\t\t\t\t\t<div class=\"elementor-column elementor-col-100 elementor-top-column elementor-element elementor-element-1ea8ce0\" data-id=\"1ea8ce0\" data-element_type=\"column\" data-e-type=\"column\">\n\t\t\t<div class=\"elementor-widget-wrap elementor-element-populated\">\n\t\t\t\t\t\t<div class=\"elementor-element elementor-element-04341a0 elementor-widget elementor-widget-heading\" data-id=\"04341a0\" data-element_type=\"widget\" data-e-type=\"widget\" data-widget_type=\"heading.default\">\n\t\t\t\t<div class=\"elementor-widget-container\">\n\t\t\t\t\t<h1 class=\"elementor-heading-title elementor-size-default\">Cole\u00e7\u00e3o de Livros: Rob\u00f3tica e Mecatr\u00f4nica<\/h1>\t\t\t\t<\/div>\n\t\t\t\t<\/div>\n\t\t\t\t\t<\/div>\n\t\t<\/div>\n\t\t\t\t\t<\/div>\n\t\t<\/section>\n\t\t\t\t<section class=\"elementor-section elementor-top-section elementor-element elementor-element-e67db59 elementor-section-boxed elementor-section-height-default elementor-section-height-default\" data-id=\"e67db59\" data-element_type=\"section\" data-e-type=\"section\" data-settings=\"{&quot;background_background&quot;:&quot;classic&quot;}\">\n\t\t\t\t\t\t<div class=\"elementor-container elementor-column-gap-default\">\n\t\t\t\t\t<div class=\"elementor-column elementor-col-100 elementor-top-column elementor-element elementor-element-35ec66e\" data-id=\"35ec66e\" data-element_type=\"column\" data-e-type=\"column\">\n\t\t\t<div class=\"elementor-widget-wrap elementor-element-populated\">\n\t\t\t\t\t\t<div class=\"elementor-element elementor-element-ecba461 elementor-widget elementor-widget-text-editor\" data-id=\"ecba461\" data-element_type=\"widget\" data-e-type=\"widget\" data-widget_type=\"text-editor.default\">\n\t\t\t\t<div class=\"elementor-widget-container\">\n\t\t\t\t\t\t\t\t\t<p>Rob\u00f3tica e Mecatr\u00f4nica \u00e9 uma Cole\u00e7\u00e3o de Livros multidisciplinar que vai do conceito \u00e0 pr\u00e1tica. A PETE conta com uma equipe t\u00e9cnica e com profissionais com experi\u00eancia em sugerir atividades que sejam adequadas aos diferentes n\u00edveis de ensino, integrando as disciplinas da sala de aula a aplica\u00e7\u00f5es concretas com uso da rob\u00f3tica e da mecatr\u00f4nica.<\/p><p>A Cole\u00e7\u00e3o Rob\u00f3tica e Mecatr\u00f4nica da PETE trabalha com situa\u00e7\u00f5es-problema, cabe aos alunos discuti-las, encontrar e propor solu\u00e7\u00f5es. E vale lembrar que as tarefas s\u00e3o interdisciplinares e est\u00e3o de acordo com a\u00a0<b>Base Nacional Comum Curricular do MEC<\/b>.<\/p>\t\t\t\t\t\t\t\t<\/div>\n\t\t\t\t<\/div>\n\t\t\t\t\t<\/div>\n\t\t<\/div>\n\t\t\t\t\t<\/div>\n\t\t<\/section>\n\t\t\t\t<section class=\"elementor-section elementor-top-section elementor-element elementor-element-a5866aa elementor-section-boxed elementor-section-height-default elementor-section-height-default\" data-id=\"a5866aa\" data-element_type=\"section\" data-e-type=\"section\">\n\t\t\t\t\t\t<div class=\"elementor-container elementor-column-gap-default\">\n\t\t\t\t\t<div class=\"elementor-column elementor-col-100 elementor-top-column elementor-element elementor-element-007773a\" data-id=\"007773a\" data-element_type=\"column\" data-e-type=\"column\">\n\t\t\t<div class=\"elementor-widget-wrap elementor-element-populated\">\n\t\t\t\t\t\t<section class=\"elementor-section elementor-inner-section elementor-element elementor-element-9c70767 elementor-section-boxed elementor-section-height-default elementor-section-height-default\" data-id=\"9c70767\" data-element_type=\"section\" data-e-type=\"section\">\n\t\t\t\t\t\t<div class=\"elementor-container elementor-column-gap-default\">\n\t\t\t\t\t<div class=\"elementor-column elementor-col-50 elementor-inner-column elementor-element elementor-element-a526407\" data-id=\"a526407\" data-element_type=\"column\" data-e-type=\"column\">\n\t\t\t<div class=\"elementor-widget-wrap elementor-element-populated\">\n\t\t\t\t\t\t<div class=\"elementor-element elementor-element-cd57ee3 elementor-widget elementor-widget-heading\" data-id=\"cd57ee3\" data-element_type=\"widget\" data-e-type=\"widget\" data-widget_type=\"heading.default\">\n\t\t\t\t<div class=\"elementor-widget-container\">\n\t\t\t\t\t<h4 class=\"elementor-heading-title elementor-size-default\">Saiba Mais<\/h4>\t\t\t\t<\/div>\n\t\t\t\t<\/div>\n\t\t\t\t<div class=\"elementor-element elementor-element-9fd77aa elementor-widget elementor-widget-text-editor\" data-id=\"9fd77aa\" data-element_type=\"widget\" data-e-type=\"widget\" data-widget_type=\"text-editor.default\">\n\t\t\t\t<div class=\"elementor-widget-container\">\n\t\t\t\t\t\t\t\t\t<p style=\"text-align: justify;\">No primeiro ciclo do ensino fundamental (do primeiro ao quinto ano), o percurso come\u00e7a com a discuss\u00e3o sobre a import\u00e2ncia e a utilidade dos rob\u00f4s. Neste momento, \u00e9 preciso desconstruir a imagem que as crian\u00e7as t\u00eam deles. \u201cS\u00e3o sempre imaginados como human\u00f3ides, principalmente por conta da influ\u00eancia do cinema. Quando os alunos se deparam com aquelas pe\u00e7as estranhas, muitas vezes sem forma definida, ficam desconfiados\u201d, conta Pacheco.<\/p>\n<p style=\"text-align: justify;\">Vencida essa barreira, o trabalho envolve no\u00e7\u00f5es de espa\u00e7o, movimentos e lateralidade.<\/p>\n<p style=\"text-align: justify;\">Em aulas de geografia e de hist\u00f3ria \u00e9 poss\u00edvel desenhar o oceano Atl\u00e2ntico e os mapas do Brasil e de Portugal sobre um papel azul e reproduzir a chegada da fam\u00edlia real portuguesa a ent\u00e3o col\u00f4nia. Com isso, d\u00e1 para calcular a cartografia e a dist\u00e2ncia proporcional, escapar de obst\u00e1culos no \u201coceano\u201d como tormentas e rodamoinhos, tudo com os rob\u00f4s assumindo a fun\u00e7\u00e3o de navios.<\/p>\t\t\t\t\t\t\t\t<\/div>\n\t\t\t\t<\/div>\n\t\t\t\t\t<\/div>\n\t\t<\/div>\n\t\t\t\t<div class=\"elementor-column elementor-col-50 elementor-inner-column elementor-element elementor-element-82511e7\" data-id=\"82511e7\" data-element_type=\"column\" data-e-type=\"column\">\n\t\t\t<div class=\"elementor-widget-wrap elementor-element-populated\">\n\t\t\t\t\t\t<div class=\"elementor-element elementor-element-d5eec73 elementor-widget elementor-widget-image\" data-id=\"d5eec73\" data-element_type=\"widget\" data-e-type=\"widget\" data-widget_type=\"image.default\">\n\t\t\t\t<div class=\"elementor-widget-container\">\n\t\t\t\t\t\t\t\t\t\t\t\t\t\t\t<img fetchpriority=\"high\" decoding=\"async\" width=\"2560\" height=\"1333\" src=\"https:\/\/www.pete.com.br\/site\/wp-content\/uploads\/2021\/05\/livros-01-scaled.jpg\" class=\"attachment-full size-full wp-image-1558\" alt=\"\" srcset=\"https:\/\/www.pete.com.br\/site\/wp-content\/uploads\/2021\/05\/livros-01-scaled.jpg 2560w, https:\/\/www.pete.com.br\/site\/wp-content\/uploads\/2021\/05\/livros-01-300x156.jpg 300w, https:\/\/www.pete.com.br\/site\/wp-content\/uploads\/2021\/05\/livros-01-1024x533.jpg 1024w, https:\/\/www.pete.com.br\/site\/wp-content\/uploads\/2021\/05\/livros-01-768x400.jpg 768w, https:\/\/www.pete.com.br\/site\/wp-content\/uploads\/2021\/05\/livros-01-1536x800.jpg 1536w, https:\/\/www.pete.com.br\/site\/wp-content\/uploads\/2021\/05\/livros-01-2048x1066.jpg 2048w\" sizes=\"(max-width: 2560px) 100vw, 2560px\" \/>\t\t\t\t\t\t\t\t\t\t\t\t\t\t\t<\/div>\n\t\t\t\t<\/div>\n\t\t\t\t\t<\/div>\n\t\t<\/div>\n\t\t\t\t\t<\/div>\n\t\t<\/section>\n\t\t\t\t<div class=\"elementor-element elementor-element-80f98cb elementor-widget elementor-widget-text-editor\" data-id=\"80f98cb\" data-element_type=\"widget\" data-e-type=\"widget\" data-widget_type=\"text-editor.default\">\n\t\t\t\t<div class=\"elementor-widget-container\">\n\t\t\t\t\t\t\t\t\t<p>Na aula de biologia, estudantes, usam material de sucata, como papel\u00e3o e peda\u00e7os de pl\u00e1stico, papel e garrafas pet, para transformar os rob\u00f4s que tinham constru\u00eddo em tartarugas. Depois de sair do ovo, os rob\u00f4s-r\u00e9pteis precisam escapar dos predadores e chegar at\u00e9 o mar para o primeiro banho. O exerc\u00edcio levava \u00e0 discuss\u00e3o sobre preserva\u00e7\u00e3o ambiental.<\/p><p>No segundo ciclo (sexto ao nono ano), pode-se pensar em rob\u00f4s que ajudam a prospectar petr\u00f3leo, ou a fazer a coleta de lixo seletiva, ou at\u00e9 pe\u00e7as que reproduzem os movimentos de planetas e de meteoros.<\/p><p>Nos tr\u00eas anos de ensino m\u00e9dio, al\u00e9m de desafios mais sofisticados, a preocupa\u00e7\u00e3o est\u00e1 em estimular nos estudantes o gosto pela pesquisa. A partir do contato com os rob\u00f4s e de temas como intelig\u00eancia artificial e nanotecnologia, os jovens devem coletar dados, descrever o passo-a-passo dos estudos, produzir relat\u00f3rios e avaliar erros e acertos.<\/p>\t\t\t\t\t\t\t\t<\/div>\n\t\t\t\t<\/div>\n\t\t\t\t\t<\/div>\n\t\t<\/div>\n\t\t\t\t\t<\/div>\n\t\t<\/section>\n\t\t\t\t<section class=\"elementor-section elementor-top-section elementor-element elementor-element-19984f3 elementor-section-boxed elementor-section-height-default elementor-section-height-default\" data-id=\"19984f3\" data-element_type=\"section\" data-e-type=\"section\" data-settings=\"{&quot;background_background&quot;:&quot;classic&quot;}\">\n\t\t\t\t\t\t<div class=\"elementor-container elementor-column-gap-default\">\n\t\t\t\t\t<div class=\"elementor-column elementor-col-100 elementor-top-column elementor-element elementor-element-eb545b4\" data-id=\"eb545b4\" data-element_type=\"column\" data-e-type=\"column\">\n\t\t\t<div class=\"elementor-widget-wrap elementor-element-populated\">\n\t\t\t\t\t\t<div class=\"elementor-element elementor-element-0f5a83f elementor-pagination-position-inside elementor-arrows-position-inside elementor-widget elementor-widget-image-carousel\" data-id=\"0f5a83f\" data-element_type=\"widget\" data-e-type=\"widget\" data-settings=\"{&quot;slides_to_show&quot;:&quot;3&quot;,&quot;slides_to_scroll&quot;:&quot;3&quot;,&quot;navigation&quot;:&quot;both&quot;,&quot;autoplay&quot;:&quot;yes&quot;,&quot;pause_on_hover&quot;:&quot;yes&quot;,&quot;pause_on_interaction&quot;:&quot;yes&quot;,&quot;autoplay_speed&quot;:5000,&quot;infinite&quot;:&quot;yes&quot;,&quot;speed&quot;:500}\" data-widget_type=\"image-carousel.default\">\n\t\t\t\t<div class=\"elementor-widget-container\">\n\t\t\t\t\t\t\t<div class=\"elementor-image-carousel-wrapper swiper\" role=\"region\" aria-roledescription=\"carousel\" aria-label=\"Carrossel de imagens\" dir=\"ltr\">\n\t\t\t<div class=\"elementor-image-carousel swiper-wrapper\" aria-live=\"off\">\n\t\t\t\t\t\t\t\t<div class=\"swiper-slide\" role=\"group\" aria-roledescription=\"slide\" aria-label=\"1 de 9\"><figure class=\"swiper-slide-inner\"><img decoding=\"async\" class=\"swiper-slide-image\" src=\"https:\/\/www.pete.com.br\/site\/wp-content\/uploads\/2021\/05\/livros_2-01-231x300.jpg\" alt=\"livros_2-01\" \/><\/figure><\/div><div class=\"swiper-slide\" role=\"group\" aria-roledescription=\"slide\" aria-label=\"2 de 9\"><figure class=\"swiper-slide-inner\"><img decoding=\"async\" class=\"swiper-slide-image\" src=\"https:\/\/www.pete.com.br\/site\/wp-content\/uploads\/2021\/05\/livros_2-02-231x300.jpg\" alt=\"livros_2-02\" \/><\/figure><\/div><div class=\"swiper-slide\" role=\"group\" aria-roledescription=\"slide\" aria-label=\"3 de 9\"><figure class=\"swiper-slide-inner\"><img decoding=\"async\" class=\"swiper-slide-image\" src=\"https:\/\/www.pete.com.br\/site\/wp-content\/uploads\/2021\/05\/livros_2-03-231x300.jpg\" alt=\"livros_2-03\" \/><\/figure><\/div><div class=\"swiper-slide\" role=\"group\" aria-roledescription=\"slide\" aria-label=\"4 de 9\"><figure class=\"swiper-slide-inner\"><img decoding=\"async\" class=\"swiper-slide-image\" src=\"https:\/\/www.pete.com.br\/site\/wp-content\/uploads\/2021\/05\/livros_2-04-231x300.jpg\" alt=\"livros_2-04\" \/><\/figure><\/div><div class=\"swiper-slide\" role=\"group\" aria-roledescription=\"slide\" aria-label=\"5 de 9\"><figure class=\"swiper-slide-inner\"><img decoding=\"async\" class=\"swiper-slide-image\" src=\"https:\/\/www.pete.com.br\/site\/wp-content\/uploads\/2021\/05\/livros_2-05-231x300.jpg\" alt=\"livros_2-05\" \/><\/figure><\/div><div class=\"swiper-slide\" role=\"group\" aria-roledescription=\"slide\" aria-label=\"6 de 9\"><figure class=\"swiper-slide-inner\"><img decoding=\"async\" class=\"swiper-slide-image\" src=\"https:\/\/www.pete.com.br\/site\/wp-content\/uploads\/2021\/05\/livros_2-06-231x300.jpg\" alt=\"livros_2-06\" \/><\/figure><\/div><div class=\"swiper-slide\" role=\"group\" aria-roledescription=\"slide\" aria-label=\"7 de 9\"><figure class=\"swiper-slide-inner\"><img decoding=\"async\" class=\"swiper-slide-image\" src=\"https:\/\/www.pete.com.br\/site\/wp-content\/uploads\/2021\/05\/livros_2-07-231x300.jpg\" alt=\"livros_2-07\" \/><\/figure><\/div><div class=\"swiper-slide\" role=\"group\" aria-roledescription=\"slide\" aria-label=\"8 de 9\"><figure class=\"swiper-slide-inner\"><img decoding=\"async\" class=\"swiper-slide-image\" src=\"https:\/\/www.pete.com.br\/site\/wp-content\/uploads\/2021\/05\/livros_2-08-231x300.jpg\" alt=\"livros_2-08\" \/><\/figure><\/div><div class=\"swiper-slide\" role=\"group\" aria-roledescription=\"slide\" aria-label=\"9 de 9\"><figure class=\"swiper-slide-inner\"><img decoding=\"async\" class=\"swiper-slide-image\" src=\"https:\/\/www.pete.com.br\/site\/wp-content\/uploads\/2021\/05\/livros_2-09-231x300.jpg\" alt=\"livros_2-09\" \/><\/figure><\/div>\t\t\t<\/div>\n\t\t\t\t\t\t\t\t\t\t\t\t<div class=\"elementor-swiper-button elementor-swiper-button-prev\" role=\"button\" tabindex=\"0\">\n\t\t\t\t\t\t<i aria-hidden=\"true\" class=\"eicon-chevron-left\"><\/i>\t\t\t\t\t<\/div>\n\t\t\t\t\t<div class=\"elementor-swiper-button elementor-swiper-button-next\" role=\"button\" tabindex=\"0\">\n\t\t\t\t\t\t<i aria-hidden=\"true\" class=\"eicon-chevron-right\"><\/i>\t\t\t\t\t<\/div>\n\t\t\t\t\n\t\t\t\t\t\t\t\t\t<div class=\"swiper-pagination\"><\/div>\n\t\t\t\t\t\t\t\t\t<\/div>\n\t\t\t\t\t\t<\/div>\n\t\t\t\t<\/div>\n\t\t\t\t\t<\/div>\n\t\t<\/div>\n\t\t\t\t\t<\/div>\n\t\t<\/section>\n\t\t\t\t<\/div>\n\t\t","protected":false},"excerpt":{"rendered":"<p>Cole\u00e7\u00e3o de Livros: Rob\u00f3tica e Mecatr\u00f4nica Rob\u00f3tica e Mecatr\u00f4nica \u00e9 uma Cole\u00e7\u00e3o de Livros multidisciplinar que vai do conceito \u00e0 pr\u00e1tica. A PETE conta com uma equipe t\u00e9cnica e com profissionais com experi\u00eancia em sugerir atividades que sejam adequadas aos diferentes n\u00edveis de ensino, integrando as disciplinas da sala de aula a aplica\u00e7\u00f5es concretas com [&hellip;]<\/p>\n","protected":false},"author":1,"featured_media":0,"parent":0,"menu_order":0,"comment_status":"closed","ping_status":"closed","template":"","meta":{"site-sidebar-layout":"no-sidebar","site-content-layout":"page-builder","ast-site-content-layout":"default","site-content-style":"default","site-sidebar-style":"default","ast-global-header-display":"","ast-banner-title-visibility":"","ast-main-header-display":"","ast-hfb-above-header-display":"","ast-hfb-below-header-display":"","ast-hfb-mobile-header-display":"","site-post-title":"disabled","ast-breadcrumbs-content":"","ast-featured-img":"disabled","footer-sml-layout":"","ast-disable-related-posts":"","theme-transparent-header-meta":"enabled","adv-header-id-meta":"","stick-header-meta":"","header-above-stick-meta":"","header-main-stick-meta":"","header-below-stick-meta":"","astra-migrate-meta-layouts":"default","ast-page-background-enabled":"default","ast-page-background-meta":{"desktop":{"background-color":"","background-image":"","background-repeat":"repeat","background-position":"center center","background-size":"auto","background-attachment":"scroll","background-type":"","background-media":"","overlay-type":"","overlay-color":"","overlay-opacity":"","overlay-gradient":""},"tablet":{"background-color":"","background-image":"","background-repeat":"repeat","background-position":"center center","background-size":"auto","background-attachment":"scroll","background-type":"","background-media":"","overlay-type":"","overlay-color":"","overlay-opacity":"","overlay-gradient":""},"mobile":{"background-color":"","background-image":"","background-repeat":"repeat","background-position":"center center","background-size":"auto","background-attachment":"scroll","background-type":"","background-media":"","overlay-type":"","overlay-color":"","overlay-opacity":"","overlay-gradient":""}},"ast-content-background-meta":{"desktop":{"background-color":"var(--ast-global-color-5)","background-image":"","background-repeat":"repeat","background-position":"center center","background-size":"auto","background-attachment":"scroll","background-type":"","background-media":"","overlay-type":"","overlay-color":"","overlay-opacity":"","overlay-gradient":""},"tablet":{"background-color":"var(--ast-global-color-5)","background-image":"","background-repeat":"repeat","background-position":"center center","background-size":"auto","background-attachment":"scroll","background-type":"","background-media":"","overlay-type":"","overlay-color":"","overlay-opacity":"","overlay-gradient":""},"mobile":{"background-color":"var(--ast-global-color-5)","background-image":"","background-repeat":"repeat","background-position":"center center","background-size":"auto","background-attachment":"scroll","background-type":"","background-media":"","overlay-type":"","overlay-color":"","overlay-opacity":"","overlay-gradient":""}},"footnotes":""},"class_list":["post-1342","page","type-page","status-publish","hentry"],"_links":{"self":[{"href":"https:\/\/www.pete.com.br\/site\/wp-json\/wp\/v2\/pages\/1342","targetHints":{"allow":["GET"]}}],"collection":[{"href":"https:\/\/www.pete.com.br\/site\/wp-json\/wp\/v2\/pages"}],"about":[{"href":"https:\/\/www.pete.com.br\/site\/wp-json\/wp\/v2\/types\/page"}],"author":[{"embeddable":true,"href":"https:\/\/www.pete.com.br\/site\/wp-json\/wp\/v2\/users\/1"}],"replies":[{"embeddable":true,"href":"https:\/\/www.pete.com.br\/site\/wp-json\/wp\/v2\/comments?post=1342"}],"version-history":[{"count":43,"href":"https:\/\/www.pete.com.br\/site\/wp-json\/wp\/v2\/pages\/1342\/revisions"}],"predecessor-version":[{"id":1727,"href":"https:\/\/www.pete.com.br\/site\/wp-json\/wp\/v2\/pages\/1342\/revisions\/1727"}],"wp:attachment":[{"href":"https:\/\/www.pete.com.br\/site\/wp-json\/wp\/v2\/media?parent=1342"}],"curies":[{"name":"wp","href":"https:\/\/api.w.org\/{rel}","templated":true}]}}